{"id":86,"date":"2025-08-25T14:02:56","date_gmt":"2025-08-25T14:02:56","guid":{"rendered":"http:\/\/chezteva.com\/?page_id=86"},"modified":"2026-01-29T15:29:20","modified_gmt":"2026-01-29T15:29:20","slug":"menus","status":"publish","type":"page","link":"https:\/\/chezteva.com\/index.php\/menus\/","title":{"rendered":"Menus"},"content":{"rendered":"\t\t<div data-elementor-type=\"wp-page\" data-elementor-id=\"86\" class=\"elementor elementor-86\" data-elementor-post-type=\"page\">\n\t\t\t\t<div class=\"elementor-element elementor-element-b044434 e-con-full e-flex e-con e-parent\" data-id=\"b044434\" data-element_type=\"container\" data-settings=\"{&quot;background_background&quot;:&quot;classic&quot;}\">\n\t\t\t\t<\/div>\n\t\t<div class=\"elementor-element elementor-element-c189b61 e-flex e-con-boxed e-con e-parent\" data-id=\"c189b61\" data-element_type=\"container\" data-settings=\"{&quot;background_background&quot;:&quot;classic&quot;}\">\n\t\t\t\t\t<div class=\"e-con-inner\">\n\t\t<div class=\"elementor-element elementor-element-56f8fce e-con-full e-flex e-con e-child\" data-id=\"56f8fce\" data-element_type=\"container\" data-settings=\"{&quot;background_background&quot;:&quot;classic&quot;}\">\n\t\t\t\t<div class=\"elementor-element elementor-element-475ce67 elementor-widget elementor-widget-heading\" data-id=\"475ce67\" data-element_type=\"widget\" data-widget_type=\"heading.default\">\n\t\t\t\t\t<h2 class=\"elementor-heading-title elementor-size-default\">Menus<\/h2>\t\t\t\t<\/div>\n\t\t\t\t<div class=\"elementor-element elementor-element-c088903 elementor-widget elementor-widget-text-editor\" data-id=\"c088903\" data-element_type=\"widget\" data-widget_type=\"text-editor.default\">\n\t\t\t\t\t\t\t\t\t<p>La carte de Chez Teva change chaque semaine afin de vous offrir des plats frais, de saison et inspir\u00e9s des meilleurs produits du moment. Chaque semaine, nos cr\u00e9ations mettent en avant la qualit\u00e9, la simplicit\u00e9 et le respect du produit.<\/p><p>Pour d\u00e9couvrir le menu actuel, n\u2019h\u00e9sitez pas \u00e0 nous contacter directement par t\u00e9l\u00e9phone au <a href=\"tel:0037799926202\">+377 99 92 62 02<\/a>.<\/p>\t\t\t\t\t\t\t\t<\/div>\n\t\t\t\t<\/div>\n\t\t<div class=\"elementor-element elementor-element-9623065 e-con-full e-flex e-con e-child\" data-id=\"9623065\" data-element_type=\"container\" data-settings=\"{&quot;background_background&quot;:&quot;classic&quot;}\">\n\t\t<div class=\"elementor-element elementor-element-0bd0c79 e-con-full e-flex e-con e-child\" data-id=\"0bd0c79\" data-element_type=\"container\">\n\t\t<div class=\"elementor-element elementor-element-cea83ee e-con-full e-flex e-con e-child\" data-id=\"cea83ee\" data-element_type=\"container\" data-settings=\"{&quot;background_background&quot;:&quot;classic&quot;}\">\n\t\t\t\t<\/div>\n\t\t<div class=\"elementor-element elementor-element-66b91f8 e-con-full e-flex e-con e-child\" data-id=\"66b91f8\" data-element_type=\"container\" data-settings=\"{&quot;background_background&quot;:&quot;classic&quot;}\">\n\t\t\t\t<\/div>\n\t\t\t\t<\/div>\n\t\t<div class=\"elementor-element elementor-element-100d752 e-con-full e-flex e-con e-child\" data-id=\"100d752\" data-element_type=\"container\" data-settings=\"{&quot;background_background&quot;:&quot;classic&quot;}\">\n\t\t\t\t<\/div>\n\t\t\t\t<\/div>\n\t\t\t\t\t<\/div>\n\t\t\t\t<\/div>\n\t\t\t\t<\/div>\n\t\t","protected":false},"excerpt":{"rendered":"<p>Menus La carte de Chez Teva change chaque semaine afin de vous offrir des plats frais, de saison et inspir\u00e9s des meilleurs produits du moment. Chaque semaine, nos cr\u00e9ations mettent en avant la qualit\u00e9, la simplicit\u00e9 et le respect du produit. Pour d\u00e9couvrir le menu actuel, n\u2019h\u00e9sitez pas \u00e0 nous contacter directement par t\u00e9l\u00e9phone au [&hellip;]<\/p>\n","protected":false},"author":1,"featured_media":0,"parent":0,"menu_order":0,"comment_status":"closed","ping_status":"closed","template":"","meta":{"footnotes":""},"class_list":["post-86","page","type-page","status-publish","hentry"],"_links":{"self":[{"href":"https:\/\/chezteva.com\/index.php\/wp-json\/wp\/v2\/pages\/86","targetHints":{"allow":["GET"]}}],"collection":[{"href":"https:\/\/chezteva.com\/index.php\/wp-json\/wp\/v2\/pages"}],"about":[{"href":"https:\/\/chezteva.com\/index.php\/wp-json\/wp\/v2\/types\/page"}],"author":[{"embeddable":true,"href":"https:\/\/chezteva.com\/index.php\/wp-json\/wp\/v2\/users\/1"}],"replies":[{"embeddable":true,"href":"https:\/\/chezteva.com\/index.php\/wp-json\/wp\/v2\/comments?post=86"}],"version-history":[{"count":55,"href":"https:\/\/chezteva.com\/index.php\/wp-json\/wp\/v2\/pages\/86\/revisions"}],"predecessor-version":[{"id":795,"href":"https:\/\/chezteva.com\/index.php\/wp-json\/wp\/v2\/pages\/86\/revisions\/795"}],"wp:attachment":[{"href":"https:\/\/chezteva.com\/index.php\/wp-json\/wp\/v2\/media?parent=86"}],"curies":[{"name":"wp","href":"https:\/\/api.w.org\/{rel}","templated":true}]}}